{"id":1628,"date":"2022-03-04T19:00:09","date_gmt":"2022-03-04T19:00:09","guid":{"rendered":"https:\/\/cardinal2021.dev.gxi.co\/?page_id=1628"},"modified":"2022-05-30T18:54:34","modified_gmt":"2022-05-30T18:54:34","slug":"services","status":"publish","type":"page","link":"https:\/\/cardinal2021.dev.gxi.co\/fr\/services\/","title":{"rendered":"Services"},"content":{"rendered":"\t\t<div data-elementor-type=\"wp-page\" data-elementor-id=\"1628\" class=\"elementor elementor-1628 elementor-541\">\n\t\t\t\t\t\t\t\t\t<section class=\"elementor-section elementor-top-section elementor-element elementor-element-e685d69 elementor-section-height-min-height elementor-section-boxed elementor-section-height-default elementor-section-items-middle\" data-id=\"e685d69\" data-element_type=\"section\" data-settings=\"{&quot;background_background&quot;:&quot;classic&quot;}\">\n\t\t\t\t\t\t<div class=\"elementor-container elementor-column-gap-default\">\n\t\t\t\t\t<div class=\"elementor-column elementor-col-100 elementor-top-column elementor-element elementor-element-cb75aa7\" data-id=\"cb75aa7\" data-element_type=\"column\">\n\t\t\t<div class=\"elementor-widget-wrap elementor-element-populated\">\n\t\t\t\t\t\t\t\t<div class=\"elementor-element elementor-element-d036409 elementor-invisible elementor-widget elementor-widget-heading\" data-id=\"d036409\" data-element_type=\"widget\" data-settings=\"{&quot;_animation&quot;:&quot;fadeInUp&quot;}\" data-widget_type=\"heading.default\">\n\t\t\t\t<div class=\"elementor-widget-container\">\n\t\t\t<h1 class=\"elementor-heading-title elementor-size-default\">Services offerts\n<\/h1>\t\t<\/div>\n\t\t\t\t<\/div>\n\t\t\t\t\t<\/div>\n\t\t<\/div>\n\t\t\t\t\t\t\t<\/div>\n\t\t<\/section>\n\t\t\t\t<section class=\"elementor-section elementor-top-section elementor-element elementor-element-fe1eb2b elementor-section-boxed elementor-section-height-default elementor-section-height-default\" data-id=\"fe1eb2b\" data-element_type=\"section\" data-settings=\"{&quot;background_background&quot;:&quot;classic&quot;}\">\n\t\t\t\t\t\t<div class=\"elementor-container elementor-column-gap-default\">\n\t\t\t\t\t<div class=\"elementor-column elementor-col-100 elementor-top-column elementor-element elementor-element-424df78\" data-id=\"424df78\" data-element_type=\"column\">\n\t\t\t<div class=\"elementor-widget-wrap elementor-element-populated\">\n\t\t\t\t\t\t\t\t<div class=\"elementor-element elementor-element-13fcff9 elementor-invisible elementor-widget elementor-widget-heading\" data-id=\"13fcff9\" data-element_type=\"widget\" data-settings=\"{&quot;_animation&quot;:&quot;fadeInUp&quot;}\" data-widget_type=\"heading.default\">\n\t\t\t\t<div class=\"elementor-widget-container\">\n\t\t\t<h2 class=\"elementor-heading-title elementor-size-default\">REPR\u00c9SENTATION<BR>\n\u00c9quipe professionnelle dynamique assurant un service personnalis\u00e9 de vente et de distribution de produits de plomberie.<\/h2>\t\t<\/div>\n\t\t\t\t<\/div>\n\t\t\t\t\t<\/div>\n\t\t<\/div>\n\t\t\t\t\t\t\t<\/div>\n\t\t<\/section>\n\t\t\t\t<section class=\"elementor-section elementor-top-section elementor-element elementor-element-08e8689 elementor-section-boxed elementor-section-height-default elementor-section-height-default\" data-id=\"08e8689\" data-element_type=\"section\" data-settings=\"{&quot;background_background&quot;:&quot;classic&quot;}\">\n\t\t\t\t\t\t<div class=\"elementor-container elementor-column-gap-default\">\n\t\t\t\t\t<div class=\"elementor-column elementor-col-100 elementor-top-column elementor-element elementor-element-b68acc9\" data-id=\"b68acc9\" data-element_type=\"column\">\n\t\t\t<div class=\"elementor-widget-wrap elementor-element-populated\">\n\t\t\t\t\t\t\t\t<div class=\"elementor-element elementor-element-45be612 elementor-invisible elementor-widget elementor-widget-heading\" data-id=\"45be612\" data-element_type=\"widget\" data-settings=\"{&quot;_animation&quot;:&quot;fadeInUp&quot;}\" data-widget_type=\"heading.default\">\n\t\t\t\t<div class=\"elementor-widget-container\">\n\t\t\t<h3 class=\"elementor-heading-title elementor-size-default\">SI\u00c8GE SOCIAL <\/h3>\t\t<\/div>\n\t\t\t\t<\/div>\n\t\t\t\t<div class=\"elementor-element elementor-element-d64eba1 elementor-invisible elementor-widget elementor-widget-toggle\" data-id=\"d64eba1\" data-element_type=\"widget\" data-settings=\"{&quot;_animation&quot;:&quot;fadeInUp&quot;}\" data-widget_type=\"toggle.default\">\n\t\t\t\t<div class=\"elementor-widget-container\">\n\t\t\t\t\t<div class=\"elementor-toggle\" role=\"tablist\">\n\t\t\t\t\t\t\t<div class=\"elementor-toggle-item\">\n\t\t\t\t\t<div id=\"elementor-tab-title-2241\" class=\"elementor-tab-title\" data-tab=\"1\" role=\"tab\" aria-controls=\"elementor-tab-content-2241\" aria-expanded=\"false\">\n\t\t\t\t\t\t\t\t\t\t\t\t<span class=\"elementor-toggle-icon elementor-toggle-icon-left\" aria-hidden=\"true\">\n\t\t\t\t\t\t\t\t\t\t\t\t\t\t\t<span class=\"elementor-toggle-icon-closed\"><i class=\"fas fa-caret-right\"><\/i><\/span>\n\t\t\t\t\t\t\t\t<span class=\"elementor-toggle-icon-opened\"><i class=\"elementor-toggle-icon-opened fas fa-caret-down\"><\/i><\/span>\n\t\t\t\t\t\t\t\t\t\t\t\t\t<\/span>\n\t\t\t\t\t\t\t\t\t\t\t\t<a href=\"\" class=\"elementor-toggle-title\">REPR\u00c9SENTANTS AUX VENTES DIVISION PLOMBERIE<\/a>\n\t\t\t\t\t<\/div>\n\n\t\t\t\t\t<div id=\"elementor-tab-content-2241\" class=\"elementor-tab-content elementor-clearfix\" data-tab=\"1\" role=\"tabpanel\" aria-labelledby=\"elementor-tab-title-2241\"><p><strong>Danny Bentrovato<\/strong>\u00a0&#8211; Pr\u00e9sident \/ Directeur des ventes<br \/>Ing\u00e9nierie, entrepreneurs, grossistes<br \/><a href=\"mailto:dbentrovato@cardinalsales.ca\">dbentrovato@cardinalsales.ca<\/a><br \/>Ing\u00e9nierie, entrepreneurs, grossistes<br \/><br \/><strong>Steve Santamaria<\/strong>\u00a0&#8211; VP \/ Directeur g\u00e9n\u00e9ral<br \/><a href=\"mailto:ssantamaria@cardinalsales.ca\">ssantamaria@cardinalsales.ca<\/a><\/p><p><br \/><strong>Timmone Dongen<\/strong>\u00a0&#8211; Directeur des sp\u00e9cifications<br \/><a href=\"mailto:tdongen@cardinalsales.ca\">timmone@cardinalsales.ca<\/a><br \/><br \/><strong>Rino Carone<\/strong>\u00a0&#8211; Repr\u00e9sentant des ventes<br \/><a href=\"mailto:rcarone@cardinalsales.ca\">rcarone@cardinalsales.ca<\/a><\/p><\/div>\n\t\t\t\t<\/div>\n\t\t\t\t\t\t\t\t<\/div>\n\t\t\t\t<\/div>\n\t\t\t\t<\/div>\n\t\t\t\t\t<\/div>\n\t\t<\/div>\n\t\t\t\t\t\t\t<\/div>\n\t\t<\/section>\n\t\t\t\t<section class=\"elementor-section elementor-top-section elementor-element elementor-element-e782821 elementor-section-boxed elementor-section-height-default elementor-section-height-default\" data-id=\"e782821\" data-element_type=\"section\" data-settings=\"{&quot;background_background&quot;:&quot;classic&quot;}\">\n\t\t\t\t\t\t<div class=\"elementor-container elementor-column-gap-default\">\n\t\t\t\t\t<div class=\"elementor-column elementor-col-100 elementor-top-column elementor-element elementor-element-d396543\" data-id=\"d396543\" data-element_type=\"column\">\n\t\t\t<div class=\"elementor-widget-wrap elementor-element-populated\">\n\t\t\t\t\t\t\t\t<div class=\"elementor-element elementor-element-45d546e elementor-invisible elementor-widget elementor-widget-heading\" data-id=\"45d546e\" data-element_type=\"widget\" data-settings=\"{&quot;_animation&quot;:&quot;fadeInUp&quot;}\" data-widget_type=\"heading.default\">\n\t\t\t\t<div class=\"elementor-widget-container\">\n\t\t\t<h3 class=\"elementor-heading-title elementor-size-default\">SP\u00c9CIFICATIONS TECHNIQUES\n\n\n<\/h3>\t\t<\/div>\n\t\t\t\t<\/div>\n\t\t\t\t<div class=\"elementor-element elementor-element-5fea919 elementor-invisible elementor-widget elementor-widget-toggle\" data-id=\"5fea919\" data-element_type=\"widget\" data-settings=\"{&quot;_animation&quot;:&quot;fadeInUp&quot;}\" data-widget_type=\"toggle.default\">\n\t\t\t\t<div class=\"elementor-widget-container\">\n\t\t\t\t\t<div class=\"elementor-toggle\" role=\"tablist\">\n\t\t\t\t\t\t\t<div class=\"elementor-toggle-item\">\n\t\t\t\t\t<div id=\"elementor-tab-title-1001\" class=\"elementor-tab-title\" data-tab=\"1\" role=\"tab\" aria-controls=\"elementor-tab-content-1001\" aria-expanded=\"false\">\n\t\t\t\t\t\t\t\t\t\t\t\t<span class=\"elementor-toggle-icon elementor-toggle-icon-left\" aria-hidden=\"true\">\n\t\t\t\t\t\t\t\t\t\t\t\t\t\t\t<span class=\"elementor-toggle-icon-closed\"><i class=\"fas fa-caret-right\"><\/i><\/span>\n\t\t\t\t\t\t\t\t<span class=\"elementor-toggle-icon-opened\"><i class=\"elementor-toggle-icon-opened fas fa-caret-down\"><\/i><\/span>\n\t\t\t\t\t\t\t\t\t\t\t\t\t<\/span>\n\t\t\t\t\t\t\t\t\t\t\t\t<a href=\"\" class=\"elementor-toggle-title\">SP\u00c9CIFICATIONS TECHNIQUES<\/a>\n\t\t\t\t\t<\/div>\n\n\t\t\t\t\t<div id=\"elementor-tab-content-1001\" class=\"elementor-tab-content elementor-clearfix\" data-tab=\"1\" role=\"tabpanel\" aria-labelledby=\"elementor-tab-title-1001\"><p>Conseill\u00e8re technique travaillant en collaboration avec nos ing\u00e9nieurs, techniciens en m\u00e9canique du b\u00e2timent et architectes.<\/p><\/div>\n\t\t\t\t<\/div>\n\t\t\t\t\t\t\t\t<\/div>\n\t\t\t\t<\/div>\n\t\t\t\t<\/div>\n\t\t\t\t\t<\/div>\n\t\t<\/div>\n\t\t\t\t\t\t\t<\/div>\n\t\t<\/section>\n\t\t\t\t<section class=\"elementor-section elementor-top-section elementor-element elementor-element-fbafb74 elementor-section-boxed elementor-section-height-default elementor-section-height-default\" data-id=\"fbafb74\" data-element_type=\"section\" data-settings=\"{&quot;background_background&quot;:&quot;classic&quot;}\">\n\t\t\t\t\t\t<div class=\"elementor-container elementor-column-gap-default\">\n\t\t\t\t\t<div class=\"elementor-column elementor-col-100 elementor-top-column elementor-element elementor-element-080c3dc\" data-id=\"080c3dc\" data-element_type=\"column\">\n\t\t\t<div class=\"elementor-widget-wrap elementor-element-populated\">\n\t\t\t\t\t\t\t\t<div class=\"elementor-element elementor-element-b4a7ac7 elementor-invisible elementor-widget elementor-widget-heading\" data-id=\"b4a7ac7\" data-element_type=\"widget\" data-settings=\"{&quot;_animation&quot;:&quot;fadeInUp&quot;}\" data-widget_type=\"heading.default\">\n\t\t\t\t<div class=\"elementor-widget-container\">\n\t\t\t<h3 class=\"elementor-heading-title elementor-size-default\">SERVICE \u00c0 LA CLIENT\u00c8LE\/TECHNIQUE ET SOUMISSION<\/h3>\t\t<\/div>\n\t\t\t\t<\/div>\n\t\t\t\t<div class=\"elementor-element elementor-element-32267f4 elementor-invisible elementor-widget elementor-widget-toggle\" data-id=\"32267f4\" data-element_type=\"widget\" data-settings=\"{&quot;_animation&quot;:&quot;fadeInUp&quot;}\" data-widget_type=\"toggle.default\">\n\t\t\t\t<div class=\"elementor-widget-container\">\n\t\t\t\t\t<div class=\"elementor-toggle\" role=\"tablist\">\n\t\t\t\t\t\t\t<div class=\"elementor-toggle-item\">\n\t\t\t\t\t<div id=\"elementor-tab-title-5251\" class=\"elementor-tab-title\" data-tab=\"1\" role=\"tab\" aria-controls=\"elementor-tab-content-5251\" aria-expanded=\"false\">\n\t\t\t\t\t\t\t\t\t\t\t\t<span class=\"elementor-toggle-icon elementor-toggle-icon-left\" aria-hidden=\"true\">\n\t\t\t\t\t\t\t\t\t\t\t\t\t\t\t<span class=\"elementor-toggle-icon-closed\"><i class=\"fas fa-caret-right\"><\/i><\/span>\n\t\t\t\t\t\t\t\t<span class=\"elementor-toggle-icon-opened\"><i class=\"elementor-toggle-icon-opened fas fa-caret-down\"><\/i><\/span>\n\t\t\t\t\t\t\t\t\t\t\t\t\t<\/span>\n\t\t\t\t\t\t\t\t\t\t\t\t<a href=\"\" class=\"elementor-toggle-title\">SERVICES \u00c0 LA CLIENT\u00c8LE ET SOUMISSION<\/a>\n\t\t\t\t\t<\/div>\n\n\t\t\t\t\t<div id=\"elementor-tab-content-5251\" class=\"elementor-tab-content elementor-clearfix\" data-tab=\"1\" role=\"tabpanel\" aria-labelledby=\"elementor-tab-title-5251\"><p>Interm\u00e9diaire important entre le client et nos fournisseurs. Nos principaux objectifs sont la satisfaction de notre client\u00e8le, l&rsquo;efficacit\u00e9, la comp\u00e9tence technique, la rapidit\u00e9 et la rentabilit\u00e9 de son service.<\/p><div><p><strong>Departement des soumissions<\/strong><br \/><a href=\"mailto:quotes@cardinalsales.ca\">quotes@cardinalsales.ca<\/a><\/p><p><strong>Bureau des commandes<\/strong><br \/><a href=\"mailto:orders@cardinalsales.ca\">orders@cardinalsales.ca<\/a><\/p><\/div><\/div>\n\t\t\t\t<\/div>\n\t\t\t\t\t\t\t\t<\/div>\n\t\t\t\t<\/div>\n\t\t\t\t<\/div>\n\t\t\t\t\t<\/div>\n\t\t<\/div>\n\t\t\t\t\t\t\t<\/div>\n\t\t<\/section>\n\t\t\t\t\t\t\t<\/div>\n\t\t","protected":false},"excerpt":{"rendered":"<p>Services offerts REPR\u00c9SENTATION \u00c9quipe professionnelle dynamique assurant un service personnalis\u00e9 de vente et de distribution de produits de plomberie. SI\u00c8GE SOCIAL REPR\u00c9SENTANTS AUX VENTES DIVISION PLOMBERIE Danny Bentrovato\u00a0&#8211; Pr\u00e9sident \/ Directeur des ventesIng\u00e9nierie, entrepreneurs, grossistesdbentrovato@cardinalsales.caIng\u00e9nierie, entrepreneurs, grossistes Steve Santamaria\u00a0&#8211; VP \/ Directeur g\u00e9n\u00e9ralssantamaria@cardinalsales.ca Timmone Dongen\u00a0&#8211; Directeur des sp\u00e9cificationstimmone@cardinalsales.ca Rino Carone\u00a0&#8211; Repr\u00e9sentant des ventesrcarone@cardinalsales.ca SP\u00c9CIFICATIONS TECHNIQUES &hellip;<\/p>\n<p class=\"read-more\"> <a class=\"\" href=\"https:\/\/cardinal2021.dev.gxi.co\/fr\/services\/\"> <span class=\"screen-reader-text\">Services<\/span> Lire la suite\u00a0\u00bb<\/a><\/p>\n","protected":false},"author":1,"featured_media":0,"parent":0,"menu_order":0,"comment_status":"closed","ping_status":"closed","template":"","meta":{"site-sidebar-layout":"default","site-content-layout":"default","ast-global-header-display":"","ast-main-header-display":"","ast-hfb-above-header-display":"","ast-hfb-below-header-display":"","ast-hfb-mobile-header-display":"","site-post-title":"disabled","ast-breadcrumbs-content":"","ast-featured-img":"","footer-sml-layout":"","theme-transparent-header-meta":"default","adv-header-id-meta":"","stick-header-meta":"","header-above-stick-meta":"","header-main-stick-meta":"","header-below-stick-meta":""},"yoast_head":"<!-- This site is optimized with the Yoast SEO plugin v18.8 - https:\/\/yoast.com\/wordpress\/plugins\/seo\/ -->\n<title>Services - Cardinal Sales<\/title>\n<meta name=\"robots\" content=\"index, follow, max-snippet:-1, max-image-preview:large, max-video-preview:-1\" \/>\n<link rel=\"canonical\" href=\"https:\/\/cardinal2021.dev.gxi.co\/fr\/services\/\" \/>\n<meta property=\"og:locale\" content=\"fr_FR\" \/>\n<meta property=\"og:type\" content=\"article\" \/>\n<meta property=\"og:title\" content=\"Services - Cardinal Sales\" \/>\n<meta property=\"og:description\" content=\"Services offerts REPR\u00c9SENTATION \u00c9quipe professionnelle dynamique assurant un service personnalis\u00e9 de vente et de distribution de produits de plomberie. SI\u00c8GE SOCIAL REPR\u00c9SENTANTS AUX VENTES DIVISION PLOMBERIE Danny Bentrovato\u00a0&#8211; Pr\u00e9sident \/ Directeur des ventesIng\u00e9nierie, entrepreneurs, grossistesdbentrovato@cardinalsales.caIng\u00e9nierie, entrepreneurs, grossistes Steve Santamaria\u00a0&#8211; VP \/ Directeur g\u00e9n\u00e9ralssantamaria@cardinalsales.ca Timmone Dongen\u00a0&#8211; Directeur des sp\u00e9cificationstimmone@cardinalsales.ca Rino Carone\u00a0&#8211; Repr\u00e9sentant des ventesrcarone@cardinalsales.ca SP\u00c9CIFICATIONS TECHNIQUES &hellip; Services Lire la suite\u00a0\u00bb\" \/>\n<meta property=\"og:url\" content=\"https:\/\/cardinal2021.dev.gxi.co\/fr\/services\/\" \/>\n<meta property=\"og:site_name\" content=\"Cardinal Sales\" \/>\n<meta property=\"article:modified_time\" content=\"2022-05-30T18:54:34+00:00\" \/>\n<meta name=\"twitter:card\" content=\"summary_large_image\" \/>\n<meta name=\"twitter:label1\" content=\"Dur\u00e9e de lecture estim\u00e9e\" \/>\n\t<meta name=\"twitter:data1\" content=\"1 minute\" \/>\n<script type=\"application\/ld+json\" class=\"yoast-schema-graph\">{\"@context\":\"https:\/\/schema.org\",\"@graph\":[{\"@type\":\"WebSite\",\"@id\":\"https:\/\/cardinal2021.dev.gxi.co\/#website\",\"url\":\"https:\/\/cardinal2021.dev.gxi.co\/\",\"name\":\"Cardinal Sales\",\"description\":\"\",\"potentialAction\":[{\"@type\":\"SearchAction\",\"target\":{\"@type\":\"EntryPoint\",\"urlTemplate\":\"https:\/\/cardinal2021.dev.gxi.co\/?s={search_term_string}\"},\"query-input\":\"required name=search_term_string\"}],\"inLanguage\":\"fr-FR\"},{\"@type\":\"WebPage\",\"@id\":\"https:\/\/cardinal2021.dev.gxi.co\/fr\/services\/#webpage\",\"url\":\"https:\/\/cardinal2021.dev.gxi.co\/fr\/services\/\",\"name\":\"Services - Cardinal Sales\",\"isPartOf\":{\"@id\":\"https:\/\/cardinal2021.dev.gxi.co\/#website\"},\"datePublished\":\"2022-03-04T19:00:09+00:00\",\"dateModified\":\"2022-05-30T18:54:34+00:00\",\"breadcrumb\":{\"@id\":\"https:\/\/cardinal2021.dev.gxi.co\/fr\/services\/#breadcrumb\"},\"inLanguage\":\"fr-FR\",\"potentialAction\":[{\"@type\":\"ReadAction\",\"target\":[\"https:\/\/cardinal2021.dev.gxi.co\/fr\/services\/\"]}]},{\"@type\":\"BreadcrumbList\",\"@id\":\"https:\/\/cardinal2021.dev.gxi.co\/fr\/services\/#breadcrumb\",\"itemListElement\":[{\"@type\":\"ListItem\",\"position\":1,\"name\":\"Home\",\"item\":\"https:\/\/cardinal2021.dev.gxi.co\/fr\/\"},{\"@type\":\"ListItem\",\"position\":2,\"name\":\"Services\"}]}]}<\/script>\n<!-- \/ Yoast SEO plugin. -->","yoast_head_json":{"title":"Services - Cardinal Sales","robots":{"index":"index","follow":"follow","max-snippet":"max-snippet:-1","max-image-preview":"max-image-preview:large","max-video-preview":"max-video-preview:-1"},"canonical":"https:\/\/cardinal2021.dev.gxi.co\/fr\/services\/","og_locale":"fr_FR","og_type":"article","og_title":"Services - Cardinal Sales","og_description":"Services offerts REPR\u00c9SENTATION \u00c9quipe professionnelle dynamique assurant un service personnalis\u00e9 de vente et de distribution de produits de plomberie. SI\u00c8GE SOCIAL REPR\u00c9SENTANTS AUX VENTES DIVISION PLOMBERIE Danny Bentrovato\u00a0&#8211; Pr\u00e9sident \/ Directeur des ventesIng\u00e9nierie, entrepreneurs, grossistesdbentrovato@cardinalsales.caIng\u00e9nierie, entrepreneurs, grossistes Steve Santamaria\u00a0&#8211; VP \/ Directeur g\u00e9n\u00e9ralssantamaria@cardinalsales.ca Timmone Dongen\u00a0&#8211; Directeur des sp\u00e9cificationstimmone@cardinalsales.ca Rino Carone\u00a0&#8211; Repr\u00e9sentant des ventesrcarone@cardinalsales.ca SP\u00c9CIFICATIONS TECHNIQUES &hellip; Services Lire la suite\u00a0\u00bb","og_url":"https:\/\/cardinal2021.dev.gxi.co\/fr\/services\/","og_site_name":"Cardinal Sales","article_modified_time":"2022-05-30T18:54:34+00:00","twitter_card":"summary_large_image","twitter_misc":{"Dur\u00e9e de lecture estim\u00e9e":"1 minute"},"schema":{"@context":"https:\/\/schema.org","@graph":[{"@type":"WebSite","@id":"https:\/\/cardinal2021.dev.gxi.co\/#website","url":"https:\/\/cardinal2021.dev.gxi.co\/","name":"Cardinal Sales","description":"","potentialAction":[{"@type":"SearchAction","target":{"@type":"EntryPoint","urlTemplate":"https:\/\/cardinal2021.dev.gxi.co\/?s={search_term_string}"},"query-input":"required name=search_term_string"}],"inLanguage":"fr-FR"},{"@type":"WebPage","@id":"https:\/\/cardinal2021.dev.gxi.co\/fr\/services\/#webpage","url":"https:\/\/cardinal2021.dev.gxi.co\/fr\/services\/","name":"Services - Cardinal Sales","isPartOf":{"@id":"https:\/\/cardinal2021.dev.gxi.co\/#website"},"datePublished":"2022-03-04T19:00:09+00:00","dateModified":"2022-05-30T18:54:34+00:00","breadcrumb":{"@id":"https:\/\/cardinal2021.dev.gxi.co\/fr\/services\/#breadcrumb"},"inLanguage":"fr-FR","potentialAction":[{"@type":"ReadAction","target":["https:\/\/cardinal2021.dev.gxi.co\/fr\/services\/"]}]},{"@type":"BreadcrumbList","@id":"https:\/\/cardinal2021.dev.gxi.co\/fr\/services\/#breadcrumb","itemListElement":[{"@type":"ListItem","position":1,"name":"Home","item":"https:\/\/cardinal2021.dev.gxi.co\/fr\/"},{"@type":"ListItem","position":2,"name":"Services"}]}]}},"_links":{"self":[{"href":"https:\/\/cardinal2021.dev.gxi.co\/fr\/wp-json\/wp\/v2\/pages\/1628"}],"collection":[{"href":"https:\/\/cardinal2021.dev.gxi.co\/fr\/wp-json\/wp\/v2\/pages"}],"about":[{"href":"https:\/\/cardinal2021.dev.gxi.co\/fr\/wp-json\/wp\/v2\/types\/page"}],"author":[{"embeddable":true,"href":"https:\/\/cardinal2021.dev.gxi.co\/fr\/wp-json\/wp\/v2\/users\/1"}],"replies":[{"embeddable":true,"href":"https:\/\/cardinal2021.dev.gxi.co\/fr\/wp-json\/wp\/v2\/comments?post=1628"}],"version-history":[{"count":10,"href":"https:\/\/cardinal2021.dev.gxi.co\/fr\/wp-json\/wp\/v2\/pages\/1628\/revisions"}],"predecessor-version":[{"id":2064,"href":"https:\/\/cardinal2021.dev.gxi.co\/fr\/wp-json\/wp\/v2\/pages\/1628\/revisions\/2064"}],"wp:attachment":[{"href":"https:\/\/cardinal2021.dev.gxi.co\/fr\/wp-json\/wp\/v2\/media?parent=1628"}],"curies":[{"name":"wp","href":"https:\/\/api.w.org\/{rel}","templated":true}]}}