{"id":1626,"date":"2022-03-04T18:59:47","date_gmt":"2022-03-04T18:59:47","guid":{"rendered":"https:\/\/cardinal2021.dev.gxi.co\/?page_id=1626"},"modified":"2022-03-04T18:59:48","modified_gmt":"2022-03-04T18:59:48","slug":"outils","status":"publish","type":"page","link":"https:\/\/cardinal2021.dev.gxi.co\/fr\/outils\/","title":{"rendered":"Outils"},"content":{"rendered":"\t\t<div data-elementor-type=\"wp-page\" data-elementor-id=\"1626\" class=\"elementor elementor-1626 elementor-403\">\n\t\t\t\t\t\t\t\t\t<section class=\"elementor-section elementor-top-section elementor-element elementor-element-e685d69 elementor-section-height-min-height elementor-section-boxed elementor-section-height-default elementor-section-items-middle\" data-id=\"e685d69\" data-element_type=\"section\" data-settings=\"{&quot;background_background&quot;:&quot;classic&quot;}\">\n\t\t\t\t\t\t<div class=\"elementor-container elementor-column-gap-default\">\n\t\t\t\t\t<div class=\"elementor-column elementor-col-100 elementor-top-column elementor-element elementor-element-cb75aa7\" data-id=\"cb75aa7\" data-element_type=\"column\">\n\t\t\t<div class=\"elementor-widget-wrap elementor-element-populated\">\n\t\t\t\t\t\t\t\t<div class=\"elementor-element elementor-element-d036409 elementor-invisible elementor-widget elementor-widget-heading\" data-id=\"d036409\" data-element_type=\"widget\" data-settings=\"{&quot;_animation&quot;:&quot;fadeInUp&quot;}\" data-widget_type=\"heading.default\">\n\t\t\t\t<div class=\"elementor-widget-container\">\n\t\t\t<h1 class=\"elementor-heading-title elementor-size-default\">Besoin d\u2019un guide sur un produit ?<\/h1>\t\t<\/div>\n\t\t\t\t<\/div>\n\t\t\t\t\t<\/div>\n\t\t<\/div>\n\t\t\t\t\t\t\t<\/div>\n\t\t<\/section>\n\t\t\t\t<section class=\"elementor-section elementor-top-section elementor-element elementor-element-fe1eb2b elementor-section-boxed elementor-section-height-default elementor-section-height-default\" data-id=\"fe1eb2b\" data-element_type=\"section\" data-settings=\"{&quot;background_background&quot;:&quot;classic&quot;}\">\n\t\t\t\t\t\t<div class=\"elementor-container elementor-column-gap-default\">\n\t\t\t\t\t<div class=\"elementor-column elementor-col-100 elementor-top-column elementor-element elementor-element-424df78\" data-id=\"424df78\" data-element_type=\"column\">\n\t\t\t<div class=\"elementor-widget-wrap elementor-element-populated\">\n\t\t\t\t\t\t\t\t<div class=\"elementor-element elementor-element-c393260 elementor-invisible elementor-widget elementor-widget-heading\" data-id=\"c393260\" data-element_type=\"widget\" data-settings=\"{&quot;_animation&quot;:&quot;fadeInUp&quot;}\" data-widget_type=\"heading.default\">\n\t\t\t\t<div class=\"elementor-widget-container\">\n\t\t\t<h3 class=\"elementor-heading-title elementor-size-default\"><a href=\"http:\/\/www.hotwatersizing.com\/\" target=\"_blank\">DIMENSIONNEMENT DE CHAUFFE-EAU AO SMITH<\/a><\/h3>\t\t<\/div>\n\t\t\t\t<\/div>\n\t\t\t\t<div class=\"elementor-element elementor-element-aab4950 elementor-invisible elementor-widget elementor-widget-heading\" data-id=\"aab4950\" data-element_type=\"widget\" data-settings=\"{&quot;_animation&quot;:&quot;fadeInUp&quot;}\" data-widget_type=\"heading.default\">\n\t\t\t\t<div class=\"elementor-widget-container\">\n\t\t\t<h3 class=\"elementor-heading-title elementor-size-default\"><a href=\"https:\/\/www.zurn.ca\/tools-resources\/carrier-code-book\" target=\"_blank\">GUIDE DE S\u00c9LECTION DE B\u00c2TI-PORTEUR ZURN<\/a><\/h3>\t\t<\/div>\n\t\t\t\t<\/div>\n\t\t\t\t<div class=\"elementor-element elementor-element-b573403 elementor-invisible elementor-widget elementor-widget-heading\" data-id=\"b573403\" data-element_type=\"widget\" data-settings=\"{&quot;_animation&quot;:&quot;fadeInUp&quot;}\" data-widget_type=\"heading.default\">\n\t\t\t\t<div class=\"elementor-widget-container\">\n\t\t\t<h3 class=\"elementor-heading-title elementor-size-default\"><a href=\"https:\/\/www.flexconind.com\/contractor-engineer\/proper-tank-sizing\/p-and-h-tanks\/thermal.html\" target=\"_blank\">GUIDE DE DIMENSIONNEMENT COMPLET POUR R\u00c9SERVOIR D'EXPANSION EAU POTABLE<\/a><\/h3>\t\t<\/div>\n\t\t\t\t<\/div>\n\t\t\t\t<div class=\"elementor-element elementor-element-e68682a elementor-invisible elementor-widget elementor-widget-heading\" data-id=\"e68682a\" data-element_type=\"widget\" data-settings=\"{&quot;_animation&quot;:&quot;fadeInUp&quot;}\" data-widget_type=\"heading.default\">\n\t\t\t\t<div class=\"elementor-widget-container\">\n\t\t\t<h3 class=\"elementor-heading-title elementor-size-default\"><a href=\"https:\/\/www.flexconind.com\/Sizing%20Guides\/thermal%20expansion%20tanks%20sizing%20guide.pdf\" target=\"_blank\">GUIDE RAPIDE DE DIMENSIONNEMENT POUR R\u00c9SERVOIR D'EXPANSION<\/a><\/h3>\t\t<\/div>\n\t\t\t\t<\/div>\n\t\t\t\t<div class=\"elementor-element elementor-element-d1d48ac elementor-invisible elementor-widget elementor-widget-heading\" data-id=\"d1d48ac\" data-element_type=\"widget\" data-settings=\"{&quot;_animation&quot;:&quot;fadeInUp&quot;}\" data-widget_type=\"heading.default\">\n\t\t\t\t<div class=\"elementor-widget-container\">\n\t\t\t<h3 class=\"elementor-heading-title elementor-size-default\"><a href=\"https:\/\/www.flexconind.com\/contractor-engineer\/proper-tank-sizing\/p-and-h-tanks\/hydronic.html\" target=\"_blank\">GUIDE DE DIMENSIONNEMENT COMPLET POUR R\u00c9SERVOIR D'EXPANSION HYDRONIQUE<\/a><\/h3>\t\t<\/div>\n\t\t\t\t<\/div>\n\t\t\t\t\t<\/div>\n\t\t<\/div>\n\t\t\t\t\t\t\t<\/div>\n\t\t<\/section>\n\t\t\t\t\t\t\t<\/div>\n\t\t","protected":false},"excerpt":{"rendered":"<p>Besoin d\u2019un guide sur un produit ? DIMENSIONNEMENT DE CHAUFFE-EAU AO SMITH GUIDE DE S\u00c9LECTION DE B\u00c2TI-PORTEUR ZURN GUIDE DE DIMENSIONNEMENT COMPLET POUR R\u00c9SERVOIR D&rsquo;EXPANSION EAU POTABLE GUIDE RAPIDE DE DIMENSIONNEMENT POUR R\u00c9SERVOIR D&rsquo;EXPANSION GUIDE DE DIMENSIONNEMENT COMPLET POUR R\u00c9SERVOIR D&rsquo;EXPANSION HYDRONIQUE<\/p>\n","protected":false},"author":1,"featured_media":0,"parent":0,"menu_order":0,"comment_status":"closed","ping_status":"closed","template":"","meta":{"site-sidebar-layout":"default","site-content-layout":"default","ast-global-header-display":"","ast-main-header-display":"","ast-hfb-above-header-display":"","ast-hfb-below-header-display":"","ast-hfb-mobile-header-display":"","site-post-title":"disabled","ast-breadcrumbs-content":"","ast-featured-img":"","footer-sml-layout":"","theme-transparent-header-meta":"default","adv-header-id-meta":"","stick-header-meta":"","header-above-stick-meta":"","header-main-stick-meta":"","header-below-stick-meta":""},"yoast_head":"<!-- This site is optimized with the Yoast SEO plugin v18.8 - https:\/\/yoast.com\/wordpress\/plugins\/seo\/ -->\n<title>Outils - Cardinal Sales<\/title>\n<meta name=\"robots\" content=\"index, follow, max-snippet:-1, max-image-preview:large, max-video-preview:-1\" \/>\n<link rel=\"canonical\" href=\"https:\/\/cardinal2021.dev.gxi.co\/fr\/outils\/\" \/>\n<meta property=\"og:locale\" content=\"fr_FR\" \/>\n<meta property=\"og:type\" content=\"article\" \/>\n<meta property=\"og:title\" content=\"Outils - Cardinal Sales\" \/>\n<meta property=\"og:description\" content=\"Besoin d\u2019un guide sur un produit ? DIMENSIONNEMENT DE CHAUFFE-EAU AO SMITH GUIDE DE S\u00c9LECTION DE B\u00c2TI-PORTEUR ZURN GUIDE DE DIMENSIONNEMENT COMPLET POUR R\u00c9SERVOIR D&rsquo;EXPANSION EAU POTABLE GUIDE RAPIDE DE DIMENSIONNEMENT POUR R\u00c9SERVOIR D&rsquo;EXPANSION GUIDE DE DIMENSIONNEMENT COMPLET POUR R\u00c9SERVOIR D&rsquo;EXPANSION HYDRONIQUE\" \/>\n<meta property=\"og:url\" content=\"https:\/\/cardinal2021.dev.gxi.co\/fr\/outils\/\" \/>\n<meta property=\"og:site_name\" content=\"Cardinal Sales\" \/>\n<meta property=\"article:modified_time\" content=\"2022-03-04T18:59:48+00:00\" \/>\n<meta name=\"twitter:card\" content=\"summary_large_image\" \/>\n<script type=\"application\/ld+json\" class=\"yoast-schema-graph\">{\"@context\":\"https:\/\/schema.org\",\"@graph\":[{\"@type\":\"WebSite\",\"@id\":\"https:\/\/cardinal2021.dev.gxi.co\/#website\",\"url\":\"https:\/\/cardinal2021.dev.gxi.co\/\",\"name\":\"Cardinal Sales\",\"description\":\"\",\"potentialAction\":[{\"@type\":\"SearchAction\",\"target\":{\"@type\":\"EntryPoint\",\"urlTemplate\":\"https:\/\/cardinal2021.dev.gxi.co\/?s={search_term_string}\"},\"query-input\":\"required name=search_term_string\"}],\"inLanguage\":\"fr-FR\"},{\"@type\":\"WebPage\",\"@id\":\"https:\/\/cardinal2021.dev.gxi.co\/fr\/outils\/#webpage\",\"url\":\"https:\/\/cardinal2021.dev.gxi.co\/fr\/outils\/\",\"name\":\"Outils - Cardinal Sales\",\"isPartOf\":{\"@id\":\"https:\/\/cardinal2021.dev.gxi.co\/#website\"},\"datePublished\":\"2022-03-04T18:59:47+00:00\",\"dateModified\":\"2022-03-04T18:59:48+00:00\",\"breadcrumb\":{\"@id\":\"https:\/\/cardinal2021.dev.gxi.co\/fr\/outils\/#breadcrumb\"},\"inLanguage\":\"fr-FR\",\"potentialAction\":[{\"@type\":\"ReadAction\",\"target\":[\"https:\/\/cardinal2021.dev.gxi.co\/fr\/outils\/\"]}]},{\"@type\":\"BreadcrumbList\",\"@id\":\"https:\/\/cardinal2021.dev.gxi.co\/fr\/outils\/#breadcrumb\",\"itemListElement\":[{\"@type\":\"ListItem\",\"position\":1,\"name\":\"Home\",\"item\":\"https:\/\/cardinal2021.dev.gxi.co\/fr\/\"},{\"@type\":\"ListItem\",\"position\":2,\"name\":\"Outils\"}]}]}<\/script>\n<!-- \/ Yoast SEO plugin. -->","yoast_head_json":{"title":"Outils - Cardinal Sales","robots":{"index":"index","follow":"follow","max-snippet":"max-snippet:-1","max-image-preview":"max-image-preview:large","max-video-preview":"max-video-preview:-1"},"canonical":"https:\/\/cardinal2021.dev.gxi.co\/fr\/outils\/","og_locale":"fr_FR","og_type":"article","og_title":"Outils - Cardinal Sales","og_description":"Besoin d\u2019un guide sur un produit ? DIMENSIONNEMENT DE CHAUFFE-EAU AO SMITH GUIDE DE S\u00c9LECTION DE B\u00c2TI-PORTEUR ZURN GUIDE DE DIMENSIONNEMENT COMPLET POUR R\u00c9SERVOIR D&rsquo;EXPANSION EAU POTABLE GUIDE RAPIDE DE DIMENSIONNEMENT POUR R\u00c9SERVOIR D&rsquo;EXPANSION GUIDE DE DIMENSIONNEMENT COMPLET POUR R\u00c9SERVOIR D&rsquo;EXPANSION HYDRONIQUE","og_url":"https:\/\/cardinal2021.dev.gxi.co\/fr\/outils\/","og_site_name":"Cardinal Sales","article_modified_time":"2022-03-04T18:59:48+00:00","twitter_card":"summary_large_image","schema":{"@context":"https:\/\/schema.org","@graph":[{"@type":"WebSite","@id":"https:\/\/cardinal2021.dev.gxi.co\/#website","url":"https:\/\/cardinal2021.dev.gxi.co\/","name":"Cardinal Sales","description":"","potentialAction":[{"@type":"SearchAction","target":{"@type":"EntryPoint","urlTemplate":"https:\/\/cardinal2021.dev.gxi.co\/?s={search_term_string}"},"query-input":"required name=search_term_string"}],"inLanguage":"fr-FR"},{"@type":"WebPage","@id":"https:\/\/cardinal2021.dev.gxi.co\/fr\/outils\/#webpage","url":"https:\/\/cardinal2021.dev.gxi.co\/fr\/outils\/","name":"Outils - Cardinal Sales","isPartOf":{"@id":"https:\/\/cardinal2021.dev.gxi.co\/#website"},"datePublished":"2022-03-04T18:59:47+00:00","dateModified":"2022-03-04T18:59:48+00:00","breadcrumb":{"@id":"https:\/\/cardinal2021.dev.gxi.co\/fr\/outils\/#breadcrumb"},"inLanguage":"fr-FR","potentialAction":[{"@type":"ReadAction","target":["https:\/\/cardinal2021.dev.gxi.co\/fr\/outils\/"]}]},{"@type":"BreadcrumbList","@id":"https:\/\/cardinal2021.dev.gxi.co\/fr\/outils\/#breadcrumb","itemListElement":[{"@type":"ListItem","position":1,"name":"Home","item":"https:\/\/cardinal2021.dev.gxi.co\/fr\/"},{"@type":"ListItem","position":2,"name":"Outils"}]}]}},"_links":{"self":[{"href":"https:\/\/cardinal2021.dev.gxi.co\/fr\/wp-json\/wp\/v2\/pages\/1626"}],"collection":[{"href":"https:\/\/cardinal2021.dev.gxi.co\/fr\/wp-json\/wp\/v2\/pages"}],"about":[{"href":"https:\/\/cardinal2021.dev.gxi.co\/fr\/wp-json\/wp\/v2\/types\/page"}],"author":[{"embeddable":true,"href":"https:\/\/cardinal2021.dev.gxi.co\/fr\/wp-json\/wp\/v2\/users\/1"}],"replies":[{"embeddable":true,"href":"https:\/\/cardinal2021.dev.gxi.co\/fr\/wp-json\/wp\/v2\/comments?post=1626"}],"version-history":[{"count":1,"href":"https:\/\/cardinal2021.dev.gxi.co\/fr\/wp-json\/wp\/v2\/pages\/1626\/revisions"}],"predecessor-version":[{"id":1627,"href":"https:\/\/cardinal2021.dev.gxi.co\/fr\/wp-json\/wp\/v2\/pages\/1626\/revisions\/1627"}],"wp:attachment":[{"href":"https:\/\/cardinal2021.dev.gxi.co\/fr\/wp-json\/wp\/v2\/media?parent=1626"}],"curies":[{"name":"wp","href":"https:\/\/api.w.org\/{rel}","templated":true}]}}