{"id":1624,"date":"2022-03-04T18:59:27","date_gmt":"2022-03-04T18:59:27","guid":{"rendered":"https:\/\/cardinal2021.dev.gxi.co\/?page_id=1624"},"modified":"2022-05-16T18:17:27","modified_gmt":"2022-05-16T18:17:27","slug":"nouvelles-informations","status":"publish","type":"page","link":"https:\/\/cardinal2021.dev.gxi.co\/fr\/nouvelles-informations\/","title":{"rendered":"Nouvelles &#038; informations"},"content":{"rendered":"\t\t<div data-elementor-type=\"wp-page\" data-elementor-id=\"1624\" class=\"elementor elementor-1624 elementor-455\">\n\t\t\t\t\t\t\t\t\t<section class=\"elementor-section elementor-top-section elementor-element elementor-element-cc0a338 elementor-section-height-min-height elementor-section-boxed elementor-section-height-default elementor-section-items-middle\" data-id=\"cc0a338\" data-element_type=\"section\" data-settings=\"{&quot;background_background&quot;:&quot;classic&quot;}\">\n\t\t\t\t\t\t<div class=\"elementor-container elementor-column-gap-default\">\n\t\t\t\t\t<div class=\"elementor-column elementor-col-100 elementor-top-column elementor-element elementor-element-f23754e\" data-id=\"f23754e\" data-element_type=\"column\">\n\t\t\t<div class=\"elementor-widget-wrap elementor-element-populated\">\n\t\t\t\t\t\t\t\t<div class=\"elementor-element elementor-element-94b967e elementor-invisible elementor-widget elementor-widget-heading\" data-id=\"94b967e\" data-element_type=\"widget\" data-settings=\"{&quot;_animation&quot;:&quot;fadeInUp&quot;}\" data-widget_type=\"heading.default\">\n\t\t\t\t<div class=\"elementor-widget-container\">\n\t\t\t<h1 class=\"elementor-heading-title elementor-size-default\">Nouvelles et informations<\/h1>\t\t<\/div>\n\t\t\t\t<\/div>\n\t\t\t\t\t<\/div>\n\t\t<\/div>\n\t\t\t\t\t\t\t<\/div>\n\t\t<\/section>\n\t\t\t\t<section class=\"elementor-section elementor-top-section elementor-element elementor-element-fe1eb2b elementor-section-boxed elementor-section-height-default elementor-section-height-default\" data-id=\"fe1eb2b\" data-element_type=\"section\" data-settings=\"{&quot;background_background&quot;:&quot;classic&quot;}\">\n\t\t\t\t\t\t<div class=\"elementor-container elementor-column-gap-default\">\n\t\t\t\t\t<div class=\"elementor-column elementor-col-100 elementor-top-column elementor-element elementor-element-424df78\" data-id=\"424df78\" data-element_type=\"column\">\n\t\t\t<div class=\"elementor-widget-wrap elementor-element-populated\">\n\t\t\t\t\t\t\t\t<div class=\"elementor-element elementor-element-c393260 elementor-invisible elementor-widget elementor-widget-heading\" data-id=\"c393260\" data-element_type=\"widget\" data-settings=\"{&quot;_animation&quot;:&quot;fadeInUp&quot;}\" data-widget_type=\"heading.default\">\n\t\t\t\t<div class=\"elementor-widget-container\">\n\t\t\t<h2 class=\"elementor-heading-title elementor-size-default\">Voici certaines nouveaut\u00e9es sur nos produits, les dessins techniques\nou sur les normes du b\u00e2timent <\/h2>\t\t<\/div>\n\t\t\t\t<\/div>\n\t\t\t\t<div class=\"elementor-element elementor-element-d54e22b elementor-invisible elementor-widget elementor-widget-toggle\" data-id=\"d54e22b\" data-element_type=\"widget\" data-settings=\"{&quot;_animation&quot;:&quot;fadeInUp&quot;}\" data-widget_type=\"toggle.default\">\n\t\t\t\t<div class=\"elementor-widget-container\">\n\t\t\t\t\t<div class=\"elementor-toggle\" role=\"tablist\">\n\t\t\t\t\t\t\t<div class=\"elementor-toggle-item\">\n\t\t\t\t\t<div id=\"elementor-tab-title-2231\" class=\"elementor-tab-title\" data-tab=\"1\" role=\"tab\" aria-controls=\"elementor-tab-content-2231\" aria-expanded=\"false\">\n\t\t\t\t\t\t\t\t\t\t\t\t<span class=\"elementor-toggle-icon elementor-toggle-icon-left\" aria-hidden=\"true\">\n\t\t\t\t\t\t\t\t\t\t\t\t\t\t\t<span class=\"elementor-toggle-icon-closed\"><i class=\"fas fa-caret-right\"><\/i><\/span>\n\t\t\t\t\t\t\t\t<span class=\"elementor-toggle-icon-opened\"><i class=\"elementor-toggle-icon-opened fas fa-caret-down\"><\/i><\/span>\n\t\t\t\t\t\t\t\t\t\t\t\t\t<\/span>\n\t\t\t\t\t\t\t\t\t\t\t\t<a href=\"\" class=\"elementor-toggle-title\">NOUVEAUX PRODUITS CHEZ NOS MANUFACTURIERS<\/a>\n\t\t\t\t\t<\/div>\n\n\t\t\t\t\t<div id=\"elementor-tab-content-2231\" class=\"elementor-tab-content elementor-clearfix\" data-tab=\"1\" role=\"tabpanel\" aria-labelledby=\"elementor-tab-title-2231\"><p><strong>ZURN<br \/><\/strong><a href=\"https:\/\/www.zurn.com\/media-library\/web_documents\/pdfs\/specsheets\/318314-(1)\" target=\"_blank\" rel=\"noopener\">ZER6000AV-TM<\/a><br \/><a href=\"https:\/\/www.zurn.com\/media-library\/web_documents\/pdfs\/specsheets\/318351-(1)\" target=\"_blank\" rel=\"noopener\">ZER6003AV-TM<\/a><\/p><p><strong>NOUVEAUX PRODUITS BRANCHE\u00c9S<br \/><\/strong><a href=\"https:\/\/www.zurn.com\/Media-Library\/web_documents\/pdfs\/specsheets\/SS-ZEMS6000AV-IS-W1\" target=\"_blank\" rel=\"noopener\">ZEMS6000AV-IS-W1 (robinet branch\u00e9 pour cabinet d&rsquo;aisance)<\/a><br \/><a href=\"https:\/\/www.zurn.com\/Media-Library\/web_documents\/pdfs\/specsheets\/SS-ZEMS6003AV-IS-W1\" target=\"_blank\" rel=\"noopener\">ZEMS6003AV-IS-W1 (robinet branch\u00e9 pour urinoir)<\/a><br \/>ZEMS6000AV-IS-MOB-W1 (robinet branch\u00e9 pour cabinet d&rsquo;aisance)<br \/><a href=\"https:\/\/www.zurn.com\/Media-Library\/web_documents\/pdfs\/specsheets\/ZEMS6003AV-MOB-W1\" target=\"_blank\" rel=\"noopener\">ZEMS6003AV-IS-MOB-W1 (robinet branch\u00e9 pour urinoir)<\/a><br \/><a href=\"https:\/\/www.zurn.com\/Media-Library\/web_documents\/pdfs\/specsheets\/SS-ZER6000AV-W2\" target=\"_blank\" rel=\"noopener\">ZER6000AV-W2 (robinet branch\u00e9 pour cabinet d&rsquo;aisance)<\/a><br \/><a href=\"https:\/\/www.zurn.com\/Media-Library\/web_documents\/pdfs\/specsheets\/SS-ZER6003AV-W2\" target=\"_blank\" rel=\"noopener\">ZER6003AV-W2 (robinet branch\u00e9 pour urinoir)<\/a><br \/><a href=\"https:\/\/www.zurn.com\/Media-Library\/web_documents\/pdfs\/specsheets\/SS-ZTR6200-W2\" target=\"_blank\" rel=\"noopener\">ZTR6200AV-W2 (robinet branch\u00e9 pour cabinet d&rsquo;aisance)<\/a><br \/><a href=\"https:\/\/www.zurn.com\/Media-Library\/web_documents\/pdfs\/specsheets\/SS-ZTR6203-W2\" target=\"_blank\" rel=\"noopener\">ZTR6203AV-W2 (robinet branch\u00e9 pour urinoir)<\/a><\/p><p><strong>PASSERELLE<br \/><\/strong><a href=\"https:\/\/www.zurn.com\/Media-Library\/web_documents\/pdfs\/specsheets\/111-196-Connected-Products-Gateway-(1)\" target=\"_blank\" rel=\"noopener\">ZGW-LORA-W1-LTE<\/a><br \/><a href=\"https:\/\/www.zurn.com\/Media-Library\/web_documents\/pdfs\/specsheets\/111-196-Connected-Products-Gateway-(1)\" target=\"_blank\" rel=\"noopener\">ZGW-LORA-W1-ETH<\/a><\/p><p><strong>HAWS CORPORATION<br \/><\/strong><a href=\"https:\/\/www.hawsco.com\/downloads\/dl\/file\/id\/17690\/product\/1735\/haws_model_1201s_specsheet_pdf.pdf\" target=\"_blank\" rel=\"noopener\">1201S &#8211; Fontaine r\u00e9frig\u00e9r\u00e9 simple sans filtre<\/a><br \/><a href=\"https:\/\/www.hawsco.com\/downloads\/dl\/file\/id\/17691\/product\/1736\/haws_model_1201sf_specsheet_pdf.pdf\" target=\"_blank\" rel=\"noopener\">1201SF &#8211; Fontaine r\u00e9frig\u00e9r\u00e9 simple avec filtre<\/a><br \/><a href=\"https:\/\/www.hawsco.com\/downloads\/dl\/file\/id\/17692\/product\/1737\/haws_model_1211s_specsheet_pdf.pdf\" target=\"_blank\" rel=\"noopener\">1211S &#8211; Fontaine r\u00e9frig\u00e9r\u00e9 simple sans filtre avec remplisseur de bouteille<\/a><br \/><a href=\"https:\/\/www.hawsco.com\/downloads\/dl\/file\/id\/17693\/product\/1738\/haws_model_1211sf_specsheet_pdf.pdf\" target=\"_blank\" rel=\"noopener\">1211SF &#8211; Fontaine r\u00e9frig\u00e9r\u00e9 simple avec filtre avec remplisseur de bouteille<\/a><br \/><a href=\"https:\/\/www.hawsco.com\/downloads\/dl\/file\/id\/17696\/product\/1739\/haws_model_1202s_specsheet_pdf.pdf\" target=\"_blank\" rel=\"noopener\">1202S &#8211; Fontaine r\u00e9frig\u00e9r\u00e9 double sans filtre<\/a><br \/><a href=\"https:\/\/www.hawsco.com\/downloads\/dl\/file\/id\/17697\/product\/1740\/haws_model_1202sf_specsheet_pdf.pdf\" target=\"_blank\" rel=\"noopener\">1202SF &#8211; Fontaine r\u00e9frig\u00e9r\u00e9 double avec filtre<\/a><br \/><a href=\"https:\/\/www.hawsco.com\/downloads\/dl\/file\/id\/17698\/product\/1741\/haws_model_1212s_specsheet_pdf.pdf\" target=\"_blank\" rel=\"noopener\">1212S &#8211; Fontaine r\u00e9frig\u00e9r\u00e9 double sans filtre avec remplisseur de bouteille<\/a><br \/><a href=\"https:\/\/www.hawsco.com\/downloads\/dl\/file\/id\/17699\/product\/1742\/haws_model_1212sf_specsheet_pdf.pdf\" target=\"_blank\" rel=\"noopener\">1212SF &#8211; Fontaine r\u00e9frig\u00e9r\u00e9 double avec filtre avec remplisseur de bouteille<\/a><\/p><p>TOUS LES NOUVEAUX PRODUITS SERONT MAINTENANT IDENTIFI\u00c9S PAR UNE \u00c9TOILE (*) \u00c0 LA FIN.<\/p><p>PRODUITS DISCONTINU\u00c9 CHEZ NOS MANUFACTURIERS \/ NOTRE SITE AVEC REMPLACEMENT<\/p><\/div>\n\t\t\t\t<\/div>\n\t\t\t\t\t\t\t<div class=\"elementor-toggle-item\">\n\t\t\t\t\t<div id=\"elementor-tab-title-2232\" class=\"elementor-tab-title\" data-tab=\"2\" role=\"tab\" aria-controls=\"elementor-tab-content-2232\" aria-expanded=\"false\">\n\t\t\t\t\t\t\t\t\t\t\t\t<span class=\"elementor-toggle-icon elementor-toggle-icon-left\" aria-hidden=\"true\">\n\t\t\t\t\t\t\t\t\t\t\t\t\t\t\t<span class=\"elementor-toggle-icon-closed\"><i class=\"fas fa-caret-right\"><\/i><\/span>\n\t\t\t\t\t\t\t\t<span class=\"elementor-toggle-icon-opened\"><i class=\"elementor-toggle-icon-opened fas fa-caret-down\"><\/i><\/span>\n\t\t\t\t\t\t\t\t\t\t\t\t\t<\/span>\n\t\t\t\t\t\t\t\t\t\t\t\t<a href=\"\" class=\"elementor-toggle-title\">DIVERS ARTICLES D'INT\u00c9R\u00caT<\/a>\n\t\t\t\t\t<\/div>\n\n\t\t\t\t\t<div id=\"elementor-tab-content-2232\" class=\"elementor-tab-content elementor-clearfix\" data-tab=\"2\" role=\"tabpanel\" aria-labelledby=\"elementor-tab-title-2232\"><p><strong><a href=\"https:\/\/www.google.ca\/url?sa=t&amp;rct=j&amp;q=&amp;esrc=s&amp;source=web&amp;cd=8&amp;cad=rja&amp;uact=8&amp;ved=0CEQQFjAH&amp;url=http%3A%2F%2Fwww.oesc-cseo.org%2Fenglish%2Fpdf%2FAODA_BuiltEnvironmentInitialProposedStandardForPublicReview.pdf&amp;ei=7Zw1VefTOZKnyASDsoD4Ag&amp;usg=AFQjCNFqKxT4Z6_rchoVJPRU_KTpQ1m4iQ&amp;sig2=AQ4wXqwj7BHio5uuIjcj5w\">NORMES DE CONCEPTION SANS OBSTACLES DE L&rsquo;ONTARIO<\/a><\/strong><\/p><p><a href=\"http:\/\/www.constructioncanada.net\/specifying-hets-and-heus-in-older-buildings\/\">Specifying high efficiency toilets and urinals in older buildings\u00a0<\/a><\/p><p><a href=\"http:\/\/www.zurn.com\/Pages\/hetc.aspx\">Viable solution to the challenges faced with high efficiency in older buildings<\/a><\/p><p><a href=\"http:\/\/www.cagbc.org\/\">CONSEIL DU B\u00c2TIMENT DURABLE DU CANADA (<\/a><a href=\"http:\/\/www.cmmtq.org\/\">L<\/a><a href=\"http:\/\/www.cagbc.org\/\">EED)<\/a><\/p><p><a href=\"https:\/\/www.usgbc.org\/credits\/new-construction-core-and-shell-data-centers-new-construction-warehouse-and-distribution-0?return=\/credits\/New%20Construction\/v4.1\/Water%20efficiency\">Consommation d&rsquo;eau de base pour b\u00e2timent int\u00e9rieur<u>\u00a0(anglais seulement)<\/u><\/a><\/p><\/div>\n\t\t\t\t<\/div>\n\t\t\t\t\t\t\t\t<\/div>\n\t\t\t\t<\/div>\n\t\t\t\t<\/div>\n\t\t\t\t\t<\/div>\n\t\t<\/div>\n\t\t\t\t\t\t\t<\/div>\n\t\t<\/section>\n\t\t\t\t\t\t\t<\/div>\n\t\t","protected":false},"excerpt":{"rendered":"<p>Nouvelles et informations Voici certaines nouveaut\u00e9es sur nos produits, les dessins techniques ou sur les normes du b\u00e2timent NOUVEAUX PRODUITS CHEZ NOS MANUFACTURIERS ZURNZER6000AV-TMZER6003AV-TM NOUVEAUX PRODUITS BRANCHE\u00c9SZEMS6000AV-IS-W1 (robinet branch\u00e9 pour cabinet d&#8217;aisance)ZEMS6003AV-IS-W1 (robinet branch\u00e9 pour urinoir)ZEMS6000AV-IS-MOB-W1 (robinet branch\u00e9 pour cabinet d&#8217;aisance)ZEMS6003AV-IS-MOB-W1 (robinet branch\u00e9 pour urinoir)ZER6000AV-W2 (robinet branch\u00e9 pour cabinet d&#8217;aisance)ZER6003AV-W2 (robinet branch\u00e9 pour urinoir)ZTR6200AV-W2 (robinet &hellip;<\/p>\n<p class=\"read-more\"> <a class=\"\" href=\"https:\/\/cardinal2021.dev.gxi.co\/fr\/nouvelles-informations\/\"> <span class=\"screen-reader-text\">Nouvelles &#038; informations<\/span> Lire la suite\u00a0\u00bb<\/a><\/p>\n","protected":false},"author":1,"featured_media":0,"parent":0,"menu_order":0,"comment_status":"closed","ping_status":"closed","template":"","meta":{"site-sidebar-layout":"default","site-content-layout":"default","ast-global-header-display":"","ast-main-header-display":"","ast-hfb-above-header-display":"","ast-hfb-below-header-display":"","ast-hfb-mobile-header-display":"","site-post-title":"disabled","ast-breadcrumbs-content":"","ast-featured-img":"","footer-sml-layout":"","theme-transparent-header-meta":"default","adv-header-id-meta":"","stick-header-meta":"","header-above-stick-meta":"","header-main-stick-meta":"","header-below-stick-meta":""},"yoast_head":"<!-- This site is optimized with the Yoast SEO plugin v18.8 - https:\/\/yoast.com\/wordpress\/plugins\/seo\/ -->\n<title>Nouvelles &amp; informations - Cardinal Sales<\/title>\n<meta name=\"robots\" content=\"index, follow, max-snippet:-1, max-image-preview:large, max-video-preview:-1\" \/>\n<link rel=\"canonical\" href=\"https:\/\/cardinal2021.dev.gxi.co\/fr\/nouvelles-informations\/\" \/>\n<meta property=\"og:locale\" content=\"fr_FR\" \/>\n<meta property=\"og:type\" content=\"article\" \/>\n<meta property=\"og:title\" content=\"Nouvelles &amp; informations - Cardinal Sales\" \/>\n<meta property=\"og:description\" content=\"Nouvelles et informations Voici certaines nouveaut\u00e9es sur nos produits, les dessins techniques ou sur les normes du b\u00e2timent NOUVEAUX PRODUITS CHEZ NOS MANUFACTURIERS ZURNZER6000AV-TMZER6003AV-TM NOUVEAUX PRODUITS BRANCHE\u00c9SZEMS6000AV-IS-W1 (robinet branch\u00e9 pour cabinet d&#8217;aisance)ZEMS6003AV-IS-W1 (robinet branch\u00e9 pour urinoir)ZEMS6000AV-IS-MOB-W1 (robinet branch\u00e9 pour cabinet d&#8217;aisance)ZEMS6003AV-IS-MOB-W1 (robinet branch\u00e9 pour urinoir)ZER6000AV-W2 (robinet branch\u00e9 pour cabinet d&#8217;aisance)ZER6003AV-W2 (robinet branch\u00e9 pour urinoir)ZTR6200AV-W2 (robinet &hellip; Nouvelles &#038; informations Lire la suite\u00a0\u00bb\" \/>\n<meta property=\"og:url\" content=\"https:\/\/cardinal2021.dev.gxi.co\/fr\/nouvelles-informations\/\" \/>\n<meta property=\"og:site_name\" content=\"Cardinal Sales\" \/>\n<meta property=\"article:modified_time\" content=\"2022-05-16T18:17:27+00:00\" \/>\n<meta name=\"twitter:card\" content=\"summary_large_image\" \/>\n<meta name=\"twitter:label1\" content=\"Dur\u00e9e de lecture estim\u00e9e\" \/>\n\t<meta name=\"twitter:data1\" content=\"2 minutes\" \/>\n<script type=\"application\/ld+json\" class=\"yoast-schema-graph\">{\"@context\":\"https:\/\/schema.org\",\"@graph\":[{\"@type\":\"WebSite\",\"@id\":\"https:\/\/cardinal2021.dev.gxi.co\/#website\",\"url\":\"https:\/\/cardinal2021.dev.gxi.co\/\",\"name\":\"Cardinal Sales\",\"description\":\"\",\"potentialAction\":[{\"@type\":\"SearchAction\",\"target\":{\"@type\":\"EntryPoint\",\"urlTemplate\":\"https:\/\/cardinal2021.dev.gxi.co\/?s={search_term_string}\"},\"query-input\":\"required name=search_term_string\"}],\"inLanguage\":\"fr-FR\"},{\"@type\":\"WebPage\",\"@id\":\"https:\/\/cardinal2021.dev.gxi.co\/fr\/nouvelles-informations\/#webpage\",\"url\":\"https:\/\/cardinal2021.dev.gxi.co\/fr\/nouvelles-informations\/\",\"name\":\"Nouvelles & informations - Cardinal Sales\",\"isPartOf\":{\"@id\":\"https:\/\/cardinal2021.dev.gxi.co\/#website\"},\"datePublished\":\"2022-03-04T18:59:27+00:00\",\"dateModified\":\"2022-05-16T18:17:27+00:00\",\"breadcrumb\":{\"@id\":\"https:\/\/cardinal2021.dev.gxi.co\/fr\/nouvelles-informations\/#breadcrumb\"},\"inLanguage\":\"fr-FR\",\"potentialAction\":[{\"@type\":\"ReadAction\",\"target\":[\"https:\/\/cardinal2021.dev.gxi.co\/fr\/nouvelles-informations\/\"]}]},{\"@type\":\"BreadcrumbList\",\"@id\":\"https:\/\/cardinal2021.dev.gxi.co\/fr\/nouvelles-informations\/#breadcrumb\",\"itemListElement\":[{\"@type\":\"ListItem\",\"position\":1,\"name\":\"Home\",\"item\":\"https:\/\/cardinal2021.dev.gxi.co\/fr\/\"},{\"@type\":\"ListItem\",\"position\":2,\"name\":\"Nouvelles &#038; informations\"}]}]}<\/script>\n<!-- \/ Yoast SEO plugin. -->","yoast_head_json":{"title":"Nouvelles & informations - Cardinal Sales","robots":{"index":"index","follow":"follow","max-snippet":"max-snippet:-1","max-image-preview":"max-image-preview:large","max-video-preview":"max-video-preview:-1"},"canonical":"https:\/\/cardinal2021.dev.gxi.co\/fr\/nouvelles-informations\/","og_locale":"fr_FR","og_type":"article","og_title":"Nouvelles & informations - Cardinal Sales","og_description":"Nouvelles et informations Voici certaines nouveaut\u00e9es sur nos produits, les dessins techniques ou sur les normes du b\u00e2timent NOUVEAUX PRODUITS CHEZ NOS MANUFACTURIERS ZURNZER6000AV-TMZER6003AV-TM NOUVEAUX PRODUITS BRANCHE\u00c9SZEMS6000AV-IS-W1 (robinet branch\u00e9 pour cabinet d&#8217;aisance)ZEMS6003AV-IS-W1 (robinet branch\u00e9 pour urinoir)ZEMS6000AV-IS-MOB-W1 (robinet branch\u00e9 pour cabinet d&#8217;aisance)ZEMS6003AV-IS-MOB-W1 (robinet branch\u00e9 pour urinoir)ZER6000AV-W2 (robinet branch\u00e9 pour cabinet d&#8217;aisance)ZER6003AV-W2 (robinet branch\u00e9 pour urinoir)ZTR6200AV-W2 (robinet &hellip; Nouvelles &#038; informations Lire la suite\u00a0\u00bb","og_url":"https:\/\/cardinal2021.dev.gxi.co\/fr\/nouvelles-informations\/","og_site_name":"Cardinal Sales","article_modified_time":"2022-05-16T18:17:27+00:00","twitter_card":"summary_large_image","twitter_misc":{"Dur\u00e9e de lecture estim\u00e9e":"2 minutes"},"schema":{"@context":"https:\/\/schema.org","@graph":[{"@type":"WebSite","@id":"https:\/\/cardinal2021.dev.gxi.co\/#website","url":"https:\/\/cardinal2021.dev.gxi.co\/","name":"Cardinal Sales","description":"","potentialAction":[{"@type":"SearchAction","target":{"@type":"EntryPoint","urlTemplate":"https:\/\/cardinal2021.dev.gxi.co\/?s={search_term_string}"},"query-input":"required name=search_term_string"}],"inLanguage":"fr-FR"},{"@type":"WebPage","@id":"https:\/\/cardinal2021.dev.gxi.co\/fr\/nouvelles-informations\/#webpage","url":"https:\/\/cardinal2021.dev.gxi.co\/fr\/nouvelles-informations\/","name":"Nouvelles & informations - Cardinal Sales","isPartOf":{"@id":"https:\/\/cardinal2021.dev.gxi.co\/#website"},"datePublished":"2022-03-04T18:59:27+00:00","dateModified":"2022-05-16T18:17:27+00:00","breadcrumb":{"@id":"https:\/\/cardinal2021.dev.gxi.co\/fr\/nouvelles-informations\/#breadcrumb"},"inLanguage":"fr-FR","potentialAction":[{"@type":"ReadAction","target":["https:\/\/cardinal2021.dev.gxi.co\/fr\/nouvelles-informations\/"]}]},{"@type":"BreadcrumbList","@id":"https:\/\/cardinal2021.dev.gxi.co\/fr\/nouvelles-informations\/#breadcrumb","itemListElement":[{"@type":"ListItem","position":1,"name":"Home","item":"https:\/\/cardinal2021.dev.gxi.co\/fr\/"},{"@type":"ListItem","position":2,"name":"Nouvelles &#038; informations"}]}]}},"_links":{"self":[{"href":"https:\/\/cardinal2021.dev.gxi.co\/fr\/wp-json\/wp\/v2\/pages\/1624"}],"collection":[{"href":"https:\/\/cardinal2021.dev.gxi.co\/fr\/wp-json\/wp\/v2\/pages"}],"about":[{"href":"https:\/\/cardinal2021.dev.gxi.co\/fr\/wp-json\/wp\/v2\/types\/page"}],"author":[{"embeddable":true,"href":"https:\/\/cardinal2021.dev.gxi.co\/fr\/wp-json\/wp\/v2\/users\/1"}],"replies":[{"embeddable":true,"href":"https:\/\/cardinal2021.dev.gxi.co\/fr\/wp-json\/wp\/v2\/comments?post=1624"}],"version-history":[{"count":7,"href":"https:\/\/cardinal2021.dev.gxi.co\/fr\/wp-json\/wp\/v2\/pages\/1624\/revisions"}],"predecessor-version":[{"id":1923,"href":"https:\/\/cardinal2021.dev.gxi.co\/fr\/wp-json\/wp\/v2\/pages\/1624\/revisions\/1923"}],"wp:attachment":[{"href":"https:\/\/cardinal2021.dev.gxi.co\/fr\/wp-json\/wp\/v2\/media?parent=1624"}],"curies":[{"name":"wp","href":"https:\/\/api.w.org\/{rel}","templated":true}]}}